{"id":3682,"date":"2020-04-13T07:53:43","date_gmt":"2020-04-13T07:53:43","guid":{"rendered":"https:\/\/www.logix5.com\/roboticaeducativa\/?page_id=3682"},"modified":"2022-06-25T11:43:01","modified_gmt":"2022-06-25T11:43:01","slug":"final-el-adn-dinamico","status":"publish","type":"page","link":"https:\/\/www.logix5.com\/roboticaeducativa\/final-el-adn-dinamico\/","title":{"rendered":"Final &#8211; El ADN Din\u00e1mico"},"content":{"rendered":"\n<div style=\"height:20px\" aria-hidden=\"true\" class=\"wp-block-spacer\"><\/div>\n\n\n\n<p class=\"has-text-align-center has-vivid-red-color has-text-color\" style=\"font-size:30px\"><strong>\u00a1\u00a1ENHORABUENA!!<\/strong><\/p>\n\n\n\n<div style=\"height:20px\" aria-hidden=\"true\" class=\"wp-block-spacer\"><\/div>\n\n\n\n<p class=\"has-text-align-center\"><em>Has completado con \u00e9xito la Escape Room. Gracias a tu gran trabajo, Beatriz Lyson pudo completar la investigaci\u00f3n aplicando su f\u00f3rmula en miles de hospitales de todo el mundo salvando as\u00ed la vida de muchas personas. La noticia tuvo una gran repercusi\u00f3n en los medios y sirvi\u00f3 para abrir nuevas v\u00edas de investigaci\u00f3n en el campo de la medicina.<\/em><\/p>\n\n\n\n<hr class=\"wp-block-separator has-css-opacity is-style-wide\"\/>\n\n\n\n<figure class=\"wp-block-image\"><img fetchpriority=\"high\" decoding=\"async\" width=\"998\" height=\"737\" src=\"https:\/\/www.logix5.com\/roboticaeducativa\/wp-content\/uploads\/2020\/04\/Peri\u00f3dico-ADN-1.jpg\" alt=\"\" class=\"wp-image-4015\" srcset=\"https:\/\/www.logix5.com\/roboticaeducativa\/wp-content\/uploads\/2020\/04\/Peri\u00f3dico-ADN-1.jpg 998w, https:\/\/www.logix5.com\/roboticaeducativa\/wp-content\/uploads\/2020\/04\/Peri\u00f3dico-ADN-1-300x222.jpg 300w, https:\/\/www.logix5.com\/roboticaeducativa\/wp-content\/uploads\/2020\/04\/Peri\u00f3dico-ADN-1-768x567.jpg 768w, https:\/\/www.logix5.com\/roboticaeducativa\/wp-content\/uploads\/2020\/04\/Peri\u00f3dico-ADN-1-600x443.jpg 600w\" sizes=\"(max-width: 998px) 100vw, 998px\" \/><\/figure>\n\n\n\n<p class=\"has-text-align-center\"><\/p>\n\n\n\n<p>Tu opini\u00f3n nos ayuda a mejorar. Si puedes dedicar un minuto a rellenar el siguiente cuestionario, nos ser\u00e1 de gran ayuda. <\/p>\n\n\n\n<div class=\"wpcf7 no-js\" id=\"wpcf7-f3797-o1\" lang=\"es-ES\" dir=\"ltr\" data-wpcf7-id=\"3797\">\n<div class=\"screen-reader-response\"><p role=\"status\" aria-live=\"polite\" aria-atomic=\"true\"><\/p> <ul><\/ul><\/div>\n<form action=\"\/roboticaeducativa\/wp-json\/wp\/v2\/pages\/3682#wpcf7-f3797-o1\" method=\"post\" class=\"wpcf7-form init\" aria-label=\"Formulario de contacto\" novalidate=\"novalidate\" data-status=\"init\">\n<fieldset class=\"hidden-fields-container\"><input type=\"hidden\" name=\"_wpcf7\" value=\"3797\" \/><input type=\"hidden\" name=\"_wpcf7_version\" value=\"6.1.5\" \/><input type=\"hidden\" name=\"_wpcf7_locale\" value=\"es_ES\" \/><input type=\"hidden\" name=\"_wpcf7_unit_tag\" value=\"wpcf7-f3797-o1\" \/><input type=\"hidden\" name=\"_wpcf7_container_post\" value=\"0\" \/><input type=\"hidden\" name=\"_wpcf7_posted_data_hash\" value=\"\" \/>\n<\/fieldset>\n<p>\u00bfTe ha gustado la Escape Room?<br \/>\n<span class=\"wpcf7-form-control-wrap\" data-name=\"TehagustadolaEscapeRoom\"><span class=\"wpcf7-form-control wpcf7-radio\"><span class=\"wpcf7-list-item first\"><input type=\"radio\" name=\"TehagustadolaEscapeRoom\" value=\"Si\" checked=\"checked\" \/><span class=\"wpcf7-list-item-label\">Si<\/span><\/span><span class=\"wpcf7-list-item last\"><input type=\"radio\" name=\"TehagustadolaEscapeRoom\" value=\"No\" \/><span class=\"wpcf7-list-item-label\">No<\/span><\/span><\/span><\/span>\n<\/p>\n<p>Grado de dificultad<br \/>\n<span class=\"wpcf7-form-control-wrap\" data-name=\"radio-768\"><span class=\"wpcf7-form-control wpcf7-radio\"><span class=\"wpcf7-list-item first\"><input type=\"radio\" name=\"radio-768\" value=\"1\" \/><span class=\"wpcf7-list-item-label\">1<\/span><\/span><span class=\"wpcf7-list-item\"><input type=\"radio\" name=\"radio-768\" value=\"2\" \/><span class=\"wpcf7-list-item-label\">2<\/span><\/span><span class=\"wpcf7-list-item\"><input type=\"radio\" name=\"radio-768\" value=\"3\" checked=\"checked\" \/><span class=\"wpcf7-list-item-label\">3<\/span><\/span><span class=\"wpcf7-list-item\"><input type=\"radio\" name=\"radio-768\" value=\"4\" \/><span class=\"wpcf7-list-item-label\">4<\/span><\/span><span class=\"wpcf7-list-item last\"><input type=\"radio\" name=\"radio-768\" value=\"5\" \/><span class=\"wpcf7-list-item-label\">5<\/span><\/span><\/span><\/span>\n<\/p>\n<p>Si quieres mantenerte informado sobre este tipo de actividades y otras noticias de Logix5, d\u00e9janos tu e-mail:\n<\/p>\n<p><label> E-mail<br \/>\n<span class=\"wpcf7-form-control-wrap\" data-name=\"your-email\"><input size=\"40\" maxlength=\"400\" class=\"wpcf7-form-control wpcf7-email wpcf7-text wpcf7-validates-as-email\" aria-invalid=\"false\" value=\"\" type=\"email\" name=\"your-email\" \/><\/span> <\/label>\n<\/p>\n<p><label> Puedes dejarnos tus comentarios indicando por ejemplo, c\u00f3mo mejorar\u00edas la Escape Room, lo que m\u00e1s y lo que menos te ha gustado, que partes te han resultado m\u00e1s f\u00e1ciles y m\u00e1s dif\u00edciles...<br \/>\n<span class=\"wpcf7-form-control-wrap\" data-name=\"your-message\"><textarea cols=\"40\" rows=\"10\" maxlength=\"2000\" class=\"wpcf7-form-control wpcf7-textarea\" aria-invalid=\"false\" name=\"your-message\"><\/textarea><\/span> <\/label>\n<\/p>\n<p><input class=\"wpcf7-form-control wpcf7-submit has-spinner\" type=\"submit\" value=\"Enviar\" \/>\n<\/p><p style=\"display: none !important;\" class=\"akismet-fields-container\" data-prefix=\"_wpcf7_ak_\"><label>&#916;<textarea name=\"_wpcf7_ak_hp_textarea\" cols=\"45\" rows=\"8\" maxlength=\"100\"><\/textarea><\/label><input type=\"hidden\" id=\"ak_js_1\" name=\"_wpcf7_ak_js\" value=\"38\"\/><script>document.getElementById( \"ak_js_1\" ).setAttribute( \"value\", ( new Date() ).getTime() );<\/script><\/p><div class=\"wpcf7-response-output\" aria-hidden=\"true\"><\/div>\n<\/form>\n<\/div>\n\n\n\n\n<p><\/p>\n\n\n\n<p class=\"has-text-align-center has-vivid-red-color has-text-color\" style=\"font-size:24px\"><em>\u00a1\u00a1 Muchas gracias por participar !!<\/em><\/p>\n\n\n\n<ul class=\"wp-block-list\"><li> Desarrolladores:<ul><li>\u00d3scar Ferruz Romero <\/li><li>\u00d3scar Caballero Viedma <\/li><\/ul><\/li><\/ul>\n\n\n\n<p><\/p>\n\n\n\n<ul class=\"wp-block-list\"><li>Fuentes y recursos utilizados:<ul><li><a rel=\"noreferrer noopener\" aria-label=\"Scratch 3.0 (abre en una nueva pesta\u00f1a)\" href=\"https:\/\/scratch.mit.edu\/\" target=\"_blank\">Scratch 3.0<\/a><\/li><li><a rel=\"noreferrer noopener\" aria-label=\"editor por bloques de la micro:bit (abre en una nueva pesta\u00f1a)\" href=\"https:\/\/makecode.microbit.org\/#editor\" target=\"_blank\">Editor por bloques de la micro:bit<\/a><\/li><li><a rel=\"noreferrer noopener\" aria-label=\"Editor de bloques en python: Edublocks  (abre en una nueva pesta\u00f1a)\" href=\"https:\/\/edublocks.org\/python.html\" target=\"_blank\">Editor de bloques en python: Edublocks <\/a><\/li><li><a rel=\"noreferrer noopener\" href=\"https:\/\/www.fichasparapintar.com\/dibujo-de-adn-para-colorear\" target=\"_blank\">fichasparapintar.com<\/a> <\/li><li><a rel=\"noreferrer noopener\" aria-label=\"Plantillas de peri\u00f3dicos (abre en una nueva pesta\u00f1a)\" href=\"https:\/\/magicalartstudio.com\/plantillas-de-periodicos-editables-en-powerpoint-gratis\/\" target=\"_blank\">Plantillas de peri\u00f3dicos<\/a><\/li><li><a rel=\"noreferrer noopener\" aria-label=\"Generador de c\u00f3digos QR (abre en una nueva pesta\u00f1a)\" href=\"https:\/\/www.codigos-qr.com\/generador-de-codigos-qr\/\" target=\"_blank\">Generador de c\u00f3digos QR<\/a><\/li><li><a rel=\"noreferrer noopener\" aria-label=\"Carta de Francis Crick a su hijo (abre en una nueva pesta\u00f1a)\" href=\"https:\/\/blog.nationalgeographic.org\/2013\/04\/11\/read-francis-cricks-6-million-letter-to-son-describing-dna\/\" target=\"_blank\">Carta de Francis Crick a su hijo<\/a><\/li><li><a rel=\"noreferrer noopener\" aria-label=\"Estructura ADN - Wikipedia (abre en una nueva pesta\u00f1a)\" href=\"https:\/\/es.wikipedia.org\/wiki\/Replicaci%C3%B3n_de_ADN\" target=\"_blank\">Estructura ADN &#8211; Wikipedia<\/a><\/li><li><a href=\"https:\/\/www.cocolisto.com\/\" target=\"_blank\" rel=\"noreferrer noopener\" aria-label=\"Cocolisto (abre en una nueva pesta\u00f1a)\">Cocolisto<\/a><\/li><\/ul><\/li><\/ul>\n","protected":false},"excerpt":{"rendered":"<p>\u00a1\u00a1ENHORABUENA!! Has completado con \u00e9xito la Escape Room. Gracias a tu gran trabajo, Beatriz Lyson pudo completar la investigaci\u00f3n aplicando su f\u00f3rmula en miles de hospitales de todo el mundo salvando as\u00ed la vida de muchas personas. La noticia tuvo una gran repercusi\u00f3n en los medios y sirvi\u00f3 para abrir nuevas v\u00edas de investigaci\u00f3n en &hellip;<\/p>\n<p class=\"read-more\"> <a class=\"\" href=\"https:\/\/www.logix5.com\/roboticaeducativa\/final-el-adn-dinamico\/\"> <span class=\"screen-reader-text\">Final &#8211; El ADN Din\u00e1mico<\/span> Leer m\u00e1s &raquo;<\/a><\/p>\n","protected":false},"author":1,"featured_media":0,"parent":0,"menu_order":0,"comment_status":"closed","ping_status":"closed","template":"","meta":{"site-sidebar-layout":"default","site-content-layout":"","ast-site-content-layout":"","site-content-style":"default","site-sidebar-style":"default","ast-global-header-display":"","ast-banner-title-visibility":"","ast-main-header-display":"","ast-hfb-above-header-display":"","ast-hfb-below-header-display":"","ast-hfb-mobile-header-display":"","site-post-title":"","ast-breadcrumbs-content":"","ast-featured-img":"","footer-sml-layout":"","theme-transparent-header-meta":"","adv-header-id-meta":"","stick-header-meta":"","header-above-stick-meta":"","header-main-stick-meta":"","header-below-stick-meta":"","astra-migrate-meta-layouts":"default","ast-page-background-enabled":"default","ast-page-background-meta":{"desktop":{"background-color":"var(--ast-global-color-4)","background-image":"","background-repeat":"repeat","background-position":"center center","background-size":"auto","background-attachment":"scroll","background-type":"","background-media":"","overlay-type":"","overlay-color":"","overlay-gradient":""},"tablet":{"background-color":"","background-image":"","background-repeat":"repeat","background-position":"center center","background-size":"auto","background-attachment":"scroll","background-type":"","background-media":"","overlay-type":"","overlay-color":"","overlay-gradient":""},"mobile":{"background-color":"","background-image":"","background-repeat":"repeat","background-position":"center center","background-size":"auto","background-attachment":"scroll","background-type":"","background-media":"","overlay-type":"","overlay-color":"","overlay-gradient":""}},"ast-content-background-meta":{"desktop":{"background-color":"var(--ast-global-color-5)","background-image":"","background-repeat":"repeat","background-position":"center center","background-size":"auto","background-attachment":"scroll","background-type":"","background-media":"","overlay-type":"","overlay-color":"","overlay-gradient":""},"tablet":{"background-color":"var(--ast-global-color-5)","background-image":"","background-repeat":"repeat","background-position":"center center","background-size":"auto","background-attachment":"scroll","background-type":"","background-media":"","overlay-type":"","overlay-color":"","overlay-gradient":""},"mobile":{"background-color":"var(--ast-global-color-5)","background-image":"","background-repeat":"repeat","background-position":"center center","background-size":"auto","background-attachment":"scroll","background-type":"","background-media":"","overlay-type":"","overlay-color":"","overlay-gradient":""}},"footnotes":""},"class_list":["post-3682","page","type-page","status-publish","hentry"],"_links":{"self":[{"href":"https:\/\/www.logix5.com\/roboticaeducativa\/wp-json\/wp\/v2\/pages\/3682","targetHints":{"allow":["GET"]}}],"collection":[{"href":"https:\/\/www.logix5.com\/roboticaeducativa\/wp-json\/wp\/v2\/pages"}],"about":[{"href":"https:\/\/www.logix5.com\/roboticaeducativa\/wp-json\/wp\/v2\/types\/page"}],"author":[{"embeddable":true,"href":"https:\/\/www.logix5.com\/roboticaeducativa\/wp-json\/wp\/v2\/users\/1"}],"replies":[{"embeddable":true,"href":"https:\/\/www.logix5.com\/roboticaeducativa\/wp-json\/wp\/v2\/comments?post=3682"}],"version-history":[{"count":10,"href":"https:\/\/www.logix5.com\/roboticaeducativa\/wp-json\/wp\/v2\/pages\/3682\/revisions"}],"predecessor-version":[{"id":5230,"href":"https:\/\/www.logix5.com\/roboticaeducativa\/wp-json\/wp\/v2\/pages\/3682\/revisions\/5230"}],"wp:attachment":[{"href":"https:\/\/www.logix5.com\/roboticaeducativa\/wp-json\/wp\/v2\/media?parent=3682"}],"curies":[{"name":"wp","href":"https:\/\/api.w.org\/{rel}","templated":true}]}}