{"id":3678,"date":"2020-04-13T07:52:38","date_gmt":"2020-04-13T07:52:38","guid":{"rendered":"https:\/\/www.logix5.com\/roboticaeducativa\/?page_id=3678"},"modified":"2020-05-07T07:12:59","modified_gmt":"2020-05-07T07:12:59","slug":"pistas-el-adn-dinamico","status":"publish","type":"page","link":"https:\/\/www.logix5.com\/roboticaeducativa\/pistas-el-adn-dinamico\/","title":{"rendered":"Pistas y soluciones &#8211; El ADN Din\u00e1mico"},"content":{"rendered":"\n<h2 class=\"wp-block-heading\">El enigm\u00e1tico mensaje recibido<\/h2>\n\n\n<p>[tabs style=\u00bbh-2&#8243; id=\u00bbtabs-50&#8243; t_id=\u00bbt_50_t\u00bb c_id=\u00bbc_50_c\u00bb]<\/p>\n<p>[titles]<\/p>\n<p>[tab_title id=\u00bbt_50_t1&#8243;]Enigma 1[\/tab_title]<\/p>\n<p>[tab_title id=\u00bbt_50_t2&#8243;]Pista 1[\/tab_title]<\/p>\n<p>[tab_title id=\u00bbt_50_t3&#8243;]Pista 2[\/tab_title]<\/p>\n<p>[tab_title id=\u00bbt_50_t4&#8243;]Pista 3[\/tab_title]<\/p>\n<p>[tab_title id=\u00bbt_50_t5&#8243;]Pista 4[\/tab_title]<\/p>\n<p>[tab_title id=\u00bbt_50_t6&#8243;]Soluci\u00f3n[\/tab_title]<\/p>\n<p>[\/titles]<\/p>\n<p>[contents]<\/p>\n<p>[tab_content id=\u00bbc_50_c1&#8243;]<\/p>\n<p>PISTAS Y SOLUCI\u00d3N AL ENIGMA 1. <\/p>\n<p>[\/tab_content]<\/p>\n<p>[tab_content id=\u00bbc_50_c2&#8243;]<\/p>\n<p>F\u00edjate bien en la forma de la imagen junto al texto. \u00bfte recuerda a alg\u00fan sitio web?<br \/>\n[\/tab_content]<\/p>\n<p>[tab_content id=\u00bbc_50_c3&#8243;]<\/p>\n<p>El logo triangular hace referencia YouTube. Al introducir el texto en la b\u00fasqueda te llevar\u00e1 a un v\u00eddeo que te dar\u00e1 las siguientes pistas para continuar.<\/p>\n<p>[\/tab_content]<\/p>\n<p>[tab_content id=\u00bbc_50_c4&#8243;]<\/p>\n<p>En el final del v\u00eddeo est\u00e1 la clave. Aparecen unas cartas de colores con n\u00fameros. Si las ordenas correctamente como dice el enigma, obtendr\u00e1s la clave num\u00e9rica para continuar.<\/p>\n<p>[\/tab_content]<\/p>\n<p>[tab_content id=\u00bbc_50_c5&#8243;]<\/p>\n<p>En este caso, los colores se ordenan por su nombre en vez de por su color. <\/p>\n<p>[\/tab_content]<\/p>\n<p>[tab_content id=\u00bbc_50_c6&#8243;]<\/p>\n<p>La soluci\u00f3n es: 147146.<\/p>\n<p>[\/tab_content]<\/p>\n<p>[\/contents]&nbsp;[\/tabs]<\/p>\n\n\n\n<h2 class=\"wp-block-heading\">El juego de los barcos<\/h2>\n\n\n<p>[tabs style=\u00bbh-2&#8243; id=\u00bbtabs-51&#8243; t_id=\u00bbt_51_t\u00bb c_id=\u00bbc_51_c\u00bb]<\/p>\n<p>[titles]<\/p>\n<p>[tab_title id=\u00bbt_51_t1&#8243;]Enigma 2[\/tab_title]<\/p>\n<p>[tab_title id=\u00bbt_51_t2&#8243;]Pista 1[\/tab_title]<\/p>\n<p>[tab_title id=\u00bbt_51_t3&#8243;]Pista 2[\/tab_title]<\/p>\n<p>[tab_title id=\u00bbt_51_t4&#8243;]Pista 3[\/tab_title]<\/p>\n<p>[tab_title id=\u00bbt_51_t5&#8243;]Pista 4[\/tab_title]<\/p>\n<p>[tab_title id=\u00bbt_51_t6&#8243;]Pista 5[\/tab_title]<\/p>\n<p>[tab_title id=\u00bbt_51_t7&#8243;]Soluci\u00f3n[\/tab_title]<\/p>\n<p>[\/titles]<\/p>\n<p>[contents]<\/p>\n<p>[tab_content id=\u00bbc_51_c1&#8243;]<\/p>\n<p>PISTAS Y SOLUCI\u00d3N AL ENIGMA 2.  <\/p>\n<p>[\/tab_content]<\/p>\n<p>[tab_content id=\u00bbc_51_c2&#8243;]<\/p>\n<p>Primero, deber\u00e9is descargar el inventario que os acompa\u00f1ar\u00e1 durante todo el juego.<\/p>\n<p>[\/tab_content]<\/p>\n<p>[tab_content id=\u00bbc_51_c3&#8243;]<\/p>\n<p>Si te fijas bien en la imagen, el fondo de la misma muestra la tabla peri\u00f3dica de los elementos qu\u00edmicos.<\/p>\n<p>[\/tab_content]<\/p>\n<p>[tab_content id=\u00bbc_51_c4&#8243;]<\/p>\n<p>En la imagen aparecen coordenadas que corresponden al par COLUMNA &#8211; FILA de la tabla. S\u00f3lo queda jugar al juego de los barcos.<\/p>\n<p>[\/tab_content]<\/p>\n<p>[tab_content id=\u00bbc_51_c5&#8243;]<\/p>\n<p>No todos los pares de combinaciones son v\u00e1lidos. S\u00f3lo son v\u00e1lidas aquellas cuyo resultado no es \u00abAGUA\u00bb.<\/p>\n<p>[\/tab_content]<\/p>\n<p>[tab_content id=\u00bbc_51_c6&#8243;]<\/p>\n<p>El contenido que se obtienen con cada combinaci\u00f3n \u00abCOLUMNA-FILA\u00bb v\u00e1lida ir\u00e1 formando la clave.<\/p>\n<p>[\/tab_content]<\/p>\n<p>[tab_content id=\u00bbc_51_c7&#8243;]<\/p>\n<p>La soluci\u00f3n es: C4H5N3O que corresponde con la  f\u00f3rmula de la citosina.<\/p>\n<p>[\/tab_content]<\/p>\n<p>[\/contents]&nbsp;[\/tabs]<\/p>\n\n\n\n<h2 class=\"wp-block-heading\">micro:bit<\/h2>\n\n\n<p>[tabs style=\u00bbh-2&#8243; id=\u00bbtabs-52&#8243; t_id=\u00bbt_52_t\u00bb c_id=\u00bbc_52_c\u00bb]<\/p>\n<p>[titles]<\/p>\n<p>[tab_title id=\u00bbt_52_t1&#8243;]Enigma 3[\/tab_title]<\/p>\n<p>[tab_title id=\u00bbt_52_t2&#8243;]Pista 1[\/tab_title]<\/p>\n<p>[tab_title id=\u00bbt_52_t3&#8243;]Pista 2[\/tab_title]<\/p>\n<p>[tab_title id=\u00bbt_52_t4&#8243;]Pista 3[\/tab_title]<\/p>\n<p>[tab_title id=\u00bbt_52_t5&#8243;]Pista 4[\/tab_title]<\/p>\n<p>[tab_title id=\u00bbt_52_t6&#8243;]Soluci\u00f3n[\/tab_title]<\/p>\n<p>[\/titles]<\/p>\n<p>[contents]<\/p>\n<p>[tab_content id=\u00bbc_52_c1&#8243;]<\/p>\n<p>PISTAS Y SOLUCI\u00d3N AL ENIGMA 3. <\/p>\n<p>[\/tab_content]<\/p>\n<p>[tab_content id=\u00bbc_52_c2&#8243;]<\/p>\n<p>Utiliza la carpeta \u00abmicrobit\u00bb del inventario que se encuentra encriptada y para acceder a su contenido necesitas una clave. Observa muy bien la parte inferior de la imagen.<\/p>\n<p>[\/tab_content]<\/p>\n<p>[tab_content id=\u00bbc_52_c3&#8243;]<\/p>\n<p>Podr\u00e1s ver grabada en la parte de las pistas de conexi\u00f3n de la placa, la siguiente clave alfanum\u00e9rica: 667rtA!<\/p>\n<p>[\/tab_content]<\/p>\n<p>[tab_content id=\u00bbc_52_c4&#8243;]<\/p>\n<p>Importa el archivo con el nombre indicado en las instrucciones y que se encuentra en la carpeta del Inventario.<\/p>\n<p>[\/tab_content]<\/p>\n<p>[tab_content id=\u00bbc_52_c5&#8243;]<\/p>\n<p>Para realizar la simulaci\u00f3n, el orden es el siguiente: 1\u00ba) pulsar el bot\u00f3n B, 2\u00ba) colocar la br\u00fajula (icono con dos puntos situado en la parte central superior de la placa)  a 256\u00ba, 3\u00ba) posicionar el sensor de luz (representado por un c\u00edrculo y situado en la parte superior izquierda de la placa) a 201, 4\u00ba) pulsar el bot\u00f3n A y por \u00faltimo, fijar la temperatura a 31 grados.<br \/>\nHecho esto, si pulsas el bot\u00f3n A+B  el display mostrar\u00e1 la clave.<\/p>\n<p>[\/tab_content]<\/p>\n<p>[tab_content id=\u00bbc_52_c6&#8243;]<\/p>\n<p>La soluci\u00f3n es: 37faH<\/p>\n<p>[\/tab_content]<\/p>\n<p>[\/contents]&nbsp;[\/tabs]<\/p>\n\n\n\n<h2 class=\"wp-block-heading\">El viaje<\/h2>\n\n\n<p>[tabs style=\u00bbh-2&#8243; id=\u00bbtabs-53&#8243; t_id=\u00bbt_53_t\u00bb c_id=\u00bbc_53_c\u00bb]<\/p>\n<p>[titles]<\/p>\n<p>[tab_title id=\u00bbt_53_t1&#8243;]Enigma 4[\/tab_title]<\/p>\n<p>[tab_title id=\u00bbt_53_t2&#8243;]Pista 1[\/tab_title]<\/p>\n<p>[tab_title id=\u00bbt_53_t3&#8243;]Pista 2[\/tab_title]<\/p>\n<p>[tab_title id=\u00bbt_53_t4&#8243;]Pista 3[\/tab_title]<\/p>\n<p>[tab_title id=\u00bbt_53_t5&#8243;]Pista 4[\/tab_title]<\/p>\n<p>[tab_title id=\u00bbt_53_t6&#8243;]Soluci\u00f3n[\/tab_title]<\/p>\n<p>[\/titles]<\/p>\n<p>[contents]<\/p>\n<p>[tab_content id=\u00bbc_53_c1&#8243;]<\/p>\n<p>PISTAS Y SOLUCI\u00d3N AL ENIGMA 4. <\/p>\n<p>[\/tab_content]<\/p>\n<p>[tab_content id=\u00bbc_53_c2&#8243;]<\/p>\n<p>F\u00edjate bien en la imagen de la doble h\u00e9lice del ADN.<\/p>\n<p>[\/tab_content]<\/p>\n<p>[tab_content id=\u00bbc_53_c3&#8243;]<\/p>\n<p>Podr\u00e1s leer una direcci\u00f3n, que si la buscas en internet, encontrar\u00e1s el destino al que debemos viajar.<\/p>\n<p>[\/tab_content]<\/p>\n<p>[tab_content id=\u00bbc_53_c4&#8243;]<\/p>\n<p>Se trata del Museo Gregor Johann Mendel. Accede a \u00e9l con el personaje amarillo de Street View en Google Maps. Debes dejar caer el mu\u00f1eco sobre el punto del mapa marcado con el indicador rojo de Google Maps.<\/p>\n<p>[\/tab_content]<\/p>\n<p>[tab_content id=\u00bbc_53_c5&#8243;]<\/p>\n<p>Nos encontramos en una sala blanca con sillas grises. Al fondo encontrar\u00e1s una chimenea donde se encuentran los \u00e1ngeles que te dar\u00e1n la soluci\u00f3n.<\/p>\n<p>[\/tab_content]<\/p>\n<p>[tab_content id=\u00bbc_53_c6&#8243;]<\/p>\n<p>La soluci\u00f3n es 4. Hay 2 \u00e1ngeles en cada esquina de la chimenea. F\u00edjate bien porque en la esquina derecha, hay uno que est\u00e1 escondido. \ud83d\ude42<\/p>\n<p>[\/tab_content]<\/p>\n<p>[\/contents]&nbsp;[\/tabs]<\/p>\n\n\n\n<h2 class=\"wp-block-heading\">El asesinato del profesor<\/h2>\n\n\n<p>[tabs style=\u00bbh-2&#8243; id=\u00bbtabs-54&#8243; t_id=\u00bbt_54_t\u00bb c_id=\u00bbc_54_c\u00bb]<\/p>\n<p>[titles]<\/p>\n<p>[tab_title id=\u00bbt_54_t1&#8243;]Enigma 5[\/tab_title]<\/p>\n<p>[tab_title id=\u00bbt_54_t2&#8243;]Pista 1[\/tab_title]<\/p>\n<p>[tab_title id=\u00bbt_54_t3&#8243;]Pista 2[\/tab_title]<\/p>\n<p>[tab_title id=\u00bbt_54_t4&#8243;]Pista 3[\/tab_title]<\/p>\n<p>[tab_title id=\u00bbt_54_t5&#8243;]Pista 4[\/tab_title]<\/p>\n<p>[tab_title id=\u00bbt_54_t6&#8243;]Soluci\u00f3n[\/tab_title]<\/p>\n<p>[\/titles]<\/p>\n<p>[contents]<\/p>\n<p>[tab_content id=\u00bbc_54_c1&#8243;]<\/p>\n<p>PISTAS Y SOLUCI\u00d3N AL ENIGMA 5.<\/p>\n<p>[\/tab_content]<\/p>\n<p>[tab_content id=\u00bbc_54_c2&#8243;]<\/p>\n<p>Pulsa en el link que te llevar\u00e1 a un programa en Scratch para conseguir la siguiente clave.<\/p>\n<p>[\/tab_content]<\/p>\n<p>[tab_content id=\u00bbc_54_c3&#8243;]<\/p>\n<p>Ver\u00e1s una spray que contiene luminol. \u00c9chalo por toda la pantalla con ayuda del rat\u00f3n.<\/p>\n<p>[\/tab_content]<\/p>\n<p>[tab_content id=\u00bbc_54_c4&#8243;]<\/p>\n<p>Encontrar\u00e1s unos n\u00fameros que parecen trazados con sangre. Ahora hay que ordenarlos. Para ello, f\u00edjate bien en el reloj.<\/p>\n<p>[\/tab_content]<\/p>\n<p>[tab_content id=\u00bbc_54_c5&#8243;]<\/p>\n<p>El orden comienza por el n\u00famero subrayado y la serie se completa siguiendo el sentido marcado por las agujas del reloj.<\/p>\n<p>[\/tab_content]<\/p>\n<p>[tab_content id=\u00bbc_54_c6&#8243;]<\/p>\n<p>La soluci\u00f3n es: 2153<\/p>\n<p>[\/tab_content]<\/p>\n<p>[\/contents]&nbsp;[\/tabs]<\/p>\n\n\n\n<h2 class=\"wp-block-heading\">La Ultinina<\/h2>\n\n\n<p>[tabs style=\u00bbh-2&#8243; id=\u00bbtabs-55&#8243; t_id=\u00bbt_55_t\u00bb c_id=\u00bbc_55_c\u00bb]<\/p>\n<p>[titles]<\/p>\n<p>[tab_title id=\u00bbt_55_t1&#8243;]Enigma 6[\/tab_title]<\/p>\n<p>[tab_title id=\u00bbt_55_t2&#8243;]Pista 1[\/tab_title]<\/p>\n<p>[tab_title id=\u00bbt_55_t3&#8243;]Pista 2[\/tab_title]<\/p>\n<p>[tab_title id=\u00bbt_55_t4&#8243;]Pista 3[\/tab_title]<\/p>\n<p>[tab_title id=\u00bbt_55_t5&#8243;]Pista 4[\/tab_title]<\/p>\n<p>[tab_title id=\u00bbt_55_t6&#8243;]Pista 5[\/tab_title]<\/p>\n<p>[tab_title id=\u00bbt_55_t7&#8243;]Pista 6[\/tab_title]<\/p>\n<p>[tab_title id=\u00bbt_55_t8&#8243;]Pista 7[\/tab_title]<\/p>\n<p>[tab_title id=\u00bbt_55_t9&#8243;]Pista 8[\/tab_title]<\/p>\n<p>[tab_title id=\u00bbt_55_t10&#8243;]Pista 9[\/tab_title]<\/p>\n<p>[tab_title id=\u00bbt_55_t11&#8243;]Soluci\u00f3n[\/tab_title]<\/p>\n<p>[\/titles]<\/p>\n<p>[contents]<\/p>\n<p>[tab_content id=\u00bbc_55_c1&#8243;]<\/p>\n<p>PISTAS Y SOLUCI\u00d3N AL ENIGMA 6.<\/p>\n<p>[\/tab_content]<\/p>\n<p>[tab_content id=\u00bbc_55_c2&#8243;]<\/p>\n<p>Deber\u00e1s usar el inventario, concretamente la carpeta \u00abBases Hidrogenadas\u00bb. Pero esta comprimido y protegido con una clve.<\/p>\n<p>[\/tab_content]<\/p>\n<p>[tab_content id=\u00bbc_55_c3&#8243;]<\/p>\n<p>La clave para descomprimir ese archivo est\u00e1 en el texto. Es el c\u00f3digo del nombre de la Ultinina: Ult-1972.<\/p>\n<p>[\/tab_content]<\/p>\n<p>[tab_content id=\u00bbc_55_c4&#8243;]<\/p>\n<p>Ahora hay que seguir las instrucciones al pie de la letra. En este caso es un entorno de programaci\u00f3n Python, por bloques donde NO hay que a\u00f1adir ni quitar nada, s\u00f3lo ordenar los seis bloques.<\/p>\n<p>[\/tab_content]<\/p>\n<p>[tab_content id=\u00bbc_55_c5&#8243;]<\/p>\n<p>Para ordenarlos, la imagen de las instrucciones te da una pista: pulsar en los comentarios de los bloques principales.<\/p>\n<p>[\/tab_content]<\/p>\n<p>[tab_content id=\u00bbc_55_c6&#8243;]<\/p>\n<p>Son nombres de cient\u00edficos. Debes ordenarlos siguiendo el orden cronol\u00f3gico en el que aparecen los cient\u00edficos en el documento \u00abPersonajes que lograron grandes avances cient\u00edficos\u00bb inclu\u00eddo en el Inventario.<\/p>\n<p>[\/tab_content]<\/p>\n<p>[tab_content id=\u00bbc_55_c7&#8243;]<\/p>\n<p>Una vez puesto el programa, ejec\u00fatalo haciendo click en \u00abrun\u00bb, el bot\u00f3n que se indica en las instrucciones. Deber\u00edas de obtener la estructura molecular de la Ultinina, y un mensaje dici\u00e9ndote que los has conseguido. Si no es as\u00ed, tendr\u00e1s que intentarlo nuevamente.<\/p>\n<p>[\/tab_content]<\/p>\n<p>[tab_content id=\u00bbc_55_c8&#8243;]<\/p>\n<p>Ahora toca buscar esta imagen en el inventario. La encontrar\u00e1s y deber\u00e1s fijarte bien en ella porque contiene informaci\u00f3n valiosa para seguir.<\/p>\n<p>[\/tab_content]<\/p>\n<p>[tab_content id=\u00bbc_55_c9&#8243;]<\/p>\n<p>La imagen nos proporciona el n\u00famero de letras \u00abC\u00bb, \u00abO\u00bb, \u00abH\u00bb y \u00abN\u00bb que se ven en nuestra nueva estructura. <\/p>\n<p>[\/tab_content]<\/p>\n<p>[tab_content id=\u00bbc_55_c10&#8243;]<\/p>\n<p>Toca aplicar la f\u00f3rmula del enigma, ya lo tenemos todo. Los sumatorios de cada letra son los ox\u00edgenos, hidr\u00f3genos, carbonos y nitr\u00f3genos obtenidos antes. Cada Zx es el n\u00famero at\u00f3mico de cada uno de los elementos qu\u00edmicos que lo puedes buscar en la tabla peri\u00f3dica inclu\u00edda en el inventario.<\/p>\n<p>[\/tab_content]<\/p>\n<p>[tab_content id=\u00bbc_55_c11&#8243;]<\/p>\n<p>La soluci\u00f3n es:  35<\/p>\n<p>[\/tab_content]<\/p>\n<p>[\/contents]&nbsp;[\/tabs]<\/p>\n\n\n\n<h2 class=\"wp-block-heading\">Transcripci\u00f3n &#8211; Traducci\u00f3n<\/h2>\n\n\n<p>[tabs style=\u00bbh-2&#8243; id=\u00bbtabs-56&#8243; t_id=\u00bbt_56_t\u00bb c_id=\u00bbc_56_c\u00bb]<\/p>\n<p>[titles]<\/p>\n<p>[tab_title id=\u00bbt_56_t1&#8243;]Enigma 7[\/tab_title]<\/p>\n<p>[tab_title id=\u00bbt_56_t2&#8243;]Pista 1[\/tab_title]<\/p>\n<p>[tab_title id=\u00bbt_56_t3&#8243;]Pista 2[\/tab_title]<\/p>\n<p>[tab_title id=\u00bbt_56_t4&#8243;]Pista 3[\/tab_title]<\/p>\n<p>[tab_title id=\u00bbt_56_t5&#8243;]Pista 4[\/tab_title]<\/p>\n<p>[tab_title id=\u00bbt_56_t6&#8243;]Soluci\u00f3n[\/tab_title]<\/p>\n<p>[\/titles]<\/p>\n<p>[contents]<\/p>\n<p>[tab_content id=\u00bbc_56_c1&#8243;]<\/p>\n<p>PISTAS Y SOLUCI\u00d3N AL ENIGMA 7.<\/p>\n<p>[\/tab_content]<\/p>\n<p>[tab_content id=\u00bbc_56_c2&#8243;]<\/p>\n<p>Pulsa al link que te llevar\u00e1 a un programa hecho en Scratch. Para solucionar este has de fijarte en los pares de letras de la imagen del enigma.<\/p>\n<p>[\/tab_content]<\/p>\n<p>[tab_content id=\u00bbc_56_c3&#8243;]<\/p>\n<p>En las im\u00e1genes de la doble h\u00e9lice del ADN, se observa que se va formando mediante la uni\u00f3n de los siguientes pares: A (Adenina) con T (Timina) y C (Citosina) con G (Guanina). Col\u00f3calos en el orden correcto y seguir\u00e1s a la siguiente fase. No importa que las letras est\u00e9n boca abajo.<\/p>\n<p>[\/tab_content]<\/p>\n<p>[tab_content id=\u00bbc_56_c4&#8243;]<\/p>\n<p>Se habr\u00e1 creado una secuencia de ARN, del cual usando el disco circular hay que sacar 2 amino\u00e1cidos que forman la clave buscada.  Debes agruparlos de tres en tres. Esta agrupaci\u00f3n se conoce como cod\u00f3n. <\/p>\n<p>[\/tab_content]<\/p>\n<p>[tab_content id=\u00bbc_56_c5&#8243;]<\/p>\n<p>Busca en la tabla desde el centro hacia afuera y obtendr\u00e1s los amino\u00e1cidos. Las tripletas a buscar son : UGC y ACA.<\/p>\n<p>[\/tab_content]<\/p>\n<p>[tab_content id=\u00bbc_56_c6&#8243;]<\/p>\n<p>La soluci\u00f3n es:  CysThr.  El primer cod\u00f3n genera Cys y el otro, Thr que se corresponden a los amino\u00e1cidos Ciste\u00edna y Treonina.<\/p>\n<p>[\/tab_content]<\/p>\n<p>[\/contents]&nbsp;[\/tabs]<\/p>\n\n\n\n<h2 class=\"wp-block-heading\">El correo a Bea<\/h2>\n\n\n<p>[tabs style=\u00bbh-2&#8243; id=\u00bbtabs-57&#8243; t_id=\u00bbt_57_t\u00bb c_id=\u00bbc_57_c\u00bb]<\/p>\n<p>[titles]<\/p>\n<p>[tab_title id=\u00bbt_57_t1&#8243;]Enigma 8[\/tab_title]<\/p>\n<p>[tab_title id=\u00bbt_57_t2&#8243;]Pista 1[\/tab_title]<\/p>\n<p>[tab_title id=\u00bbt_57_t3&#8243;]Pista 2[\/tab_title]<\/p>\n<p>[tab_title id=\u00bbt_57_t4&#8243;]Pista 3[\/tab_title]<\/p>\n<p>[tab_title id=\u00bbt_57_t5&#8243;]Pista 4[\/tab_title]<\/p>\n<p>[tab_title id=\u00bbt_57_t6&#8243;]Pista 5[\/tab_title]<\/p>\n<p>[tab_title id=\u00bbt_57_t7&#8243;]Pista 6[\/tab_title]<\/p>\n<p>[tab_title id=\u00bbt_57_t8&#8243;]Pista 7[\/tab_title]<\/p>\n<p>[tab_title id=\u00bbt_57_t9&#8243;]Pista 8[\/tab_title]<\/p>\n<p>[tab_title id=\u00bbt_57_t10&#8243;]Pista 9[\/tab_title]<\/p>\n<p>[tab_title id=\u00bbt_57_t11&#8243;]Soluci\u00f3n[\/tab_title]<\/p>\n<p>[\/titles]<\/p>\n<p>[contents]<\/p>\n<p>[tab_content id=\u00bbc_57_c1&#8243;]<\/p>\n<p>PISTAS Y SOLUCI\u00d3N AL ENIGMA 8.<\/p>\n<p>[\/tab_content]<\/p>\n<p>[tab_content id=\u00bbc_57_c2&#8243;]<\/p>\n<p>Hay que enviar un email a Bea, y vas a tener que usar el inventario para obtener su direcci\u00f3n. La clave para descomprimir la carpeta de Bea se obtiene con los relojes.<\/p>\n<p>[\/tab_content]<\/p>\n<p>[tab_content id=\u00bbc_57_c3&#8243;]<\/p>\n<p>La pista dice que son las tres. Hazlo en cada uno de los relojes. Al poner las agujas de cada reloj en la posici\u00f3n de las tres, \u00bfa qu\u00e9 n\u00famero apunta la aguja de las horas en cada reloj?<\/p>\n<p>[\/tab_content]<\/p>\n<p>[tab_content id=\u00bbc_57_c4&#8243;]<\/p>\n<p>La clave es 67128. Ahora ya puedes continuar. Para ello deber\u00e1s enviar un e-mail tal y como se pide.<\/p>\n<p>[\/tab_content]<\/p>\n<p>[tab_content id=\u00bbc_57_c5&#8243;]<\/p>\n<p>El asunto del e-mail se obtiene a partir de la cadena de n\u00fameros binarios (ceros y unos) que se corresponden con caracteres. Para ello deber\u00e1s usar la tabla ASCII del inventario.<\/p>\n<p>[\/tab_content]<\/p>\n<p>[tab_content id=\u00bbc_57_c6&#8243;]<\/p>\n<p>El asunto del e-mail debe ser Gen (palabra que obtienes si descifras correctamente la secuencia de ceros y unos). Para obtener el email, deber\u00e1s observar la carta de Francis Crick a su hijo.<\/p>\n<p>[\/tab_content]<\/p>\n<p>[tab_content id=\u00bbc_57_c7&#8243;]<\/p>\n<p>Al final hay un c\u00f3digo QR que debes escanear con un smartphone o tablet. Es posible que el dispositivo requiera de un lector de c\u00f3digos QR.<\/p>\n<p>[\/tab_content]<\/p>\n<p>[tab_content id=\u00bbc_57_c8&#8243;]<\/p>\n<p>Tienes el email, pero cifrado otra vez (qu\u00e9 rebuscados somos \ud83d\ude42 ). \u00c9ste es sencillo, pues te dice que es una cifrado C\u00e9sar. busca en internet este cifrado si no lo conoces.<\/p>\n<p>[\/tab_content]<\/p>\n<p>[tab_content id=\u00bbc_57_c9&#8243;]<\/p>\n<p>La clave C\u00e9sar utilizada en este caso es 7.<\/p>\n<p>[\/tab_content]<\/p>\n<p>[tab_content id=\u00bbc_57_c10&#8243;]<\/p>\n<p>El e-mail debe ser enviado a esta direcci\u00f3n: beatrizlyson@gmail.com<\/p>\n<p>[\/tab_content]<\/p>\n<p>[tab_content id=\u00bbc_57_c11&#8243;]<\/p>\n<p>Tienes que enviar el e-mail a esa direcci\u00f3n con el Asunto Gen; de contenido, una breve descripci\u00f3n explicando por qu\u00e9 puede confiar en ti (opcional). No te olvides adjuntar el certificado del Inventario (incluye informaci\u00f3n confidencial :-)). Es suficiente con adjuntar el archivo \u00abCertificado confidencial\u00bb tal cual est\u00e1, no es necesario abrirlo ni descargarlo. Bea te contestar\u00e1.<\/p>\n<p>[\/tab_content]<\/p>\n<p>[\/contents]&nbsp;[\/tabs]<\/p>\n\n\n\n<p><\/p>\n","protected":false},"excerpt":{"rendered":"<p>El enigm\u00e1tico mensaje recibido El juego de los barcos micro:bit El viaje El asesinato del profesor La Ultinina Transcripci\u00f3n &#8211; Traducci\u00f3n El correo a Bea<\/p>\n","protected":false},"author":1,"featured_media":0,"parent":0,"menu_order":0,"comment_status":"closed","ping_status":"closed","template":"","meta":{"site-sidebar-layout":"default","site-content-layout":"","ast-site-content-layout":"","site-content-style":"default","site-sidebar-style":"default","ast-global-header-display":"","ast-banner-title-visibility":"","ast-main-header-display":"","ast-hfb-above-header-display":"","ast-hfb-below-header-display":"","ast-hfb-mobile-header-display":"","site-post-title":"","ast-breadcrumbs-content":"","ast-featured-img":"","footer-sml-layout":"","theme-transparent-header-meta":"","adv-header-id-meta":"","stick-header-meta":"","header-above-stick-meta":"","header-main-stick-meta":"","header-below-stick-meta":"","astra-migrate-meta-layouts":"default","ast-page-background-enabled":"default","ast-page-background-meta":{"desktop":{"background-color":"var(--ast-global-color-4)","background-image":"","background-repeat":"repeat","background-position":"center center","background-size":"auto","background-attachment":"scroll","background-type":"","background-media":"","overlay-type":"","overlay-color":"","overlay-gradient":""},"tablet":{"background-color":"","background-image":"","background-repeat":"repeat","background-position":"center center","background-size":"auto","background-attachment":"scroll","background-type":"","background-media":"","overlay-type":"","overlay-color":"","overlay-gradient":""},"mobile":{"background-color":"","background-image":"","background-repeat":"repeat","background-position":"center center","background-size":"auto","background-attachment":"scroll","background-type":"","background-media":"","overlay-type":"","overlay-color":"","overlay-gradient":""}},"ast-content-background-meta":{"desktop":{"background-color":"var(--ast-global-color-5)","background-image":"","background-repeat":"repeat","background-position":"center center","background-size":"auto","background-attachment":"scroll","background-type":"","background-media":"","overlay-type":"","overlay-color":"","overlay-gradient":""},"tablet":{"background-color":"var(--ast-global-color-5)","background-image":"","background-repeat":"repeat","background-position":"center center","background-size":"auto","background-attachment":"scroll","background-type":"","background-media":"","overlay-type":"","overlay-color":"","overlay-gradient":""},"mobile":{"background-color":"var(--ast-global-color-5)","background-image":"","background-repeat":"repeat","background-position":"center center","background-size":"auto","background-attachment":"scroll","background-type":"","background-media":"","overlay-type":"","overlay-color":"","overlay-gradient":""}},"footnotes":""},"class_list":["post-3678","page","type-page","status-publish","hentry"],"_links":{"self":[{"href":"https:\/\/www.logix5.com\/roboticaeducativa\/wp-json\/wp\/v2\/pages\/3678","targetHints":{"allow":["GET"]}}],"collection":[{"href":"https:\/\/www.logix5.com\/roboticaeducativa\/wp-json\/wp\/v2\/pages"}],"about":[{"href":"https:\/\/www.logix5.com\/roboticaeducativa\/wp-json\/wp\/v2\/types\/page"}],"author":[{"embeddable":true,"href":"https:\/\/www.logix5.com\/roboticaeducativa\/wp-json\/wp\/v2\/users\/1"}],"replies":[{"embeddable":true,"href":"https:\/\/www.logix5.com\/roboticaeducativa\/wp-json\/wp\/v2\/comments?post=3678"}],"version-history":[{"count":11,"href":"https:\/\/www.logix5.com\/roboticaeducativa\/wp-json\/wp\/v2\/pages\/3678\/revisions"}],"predecessor-version":[{"id":4231,"href":"https:\/\/www.logix5.com\/roboticaeducativa\/wp-json\/wp\/v2\/pages\/3678\/revisions\/4231"}],"wp:attachment":[{"href":"https:\/\/www.logix5.com\/roboticaeducativa\/wp-json\/wp\/v2\/media?parent=3678"}],"curies":[{"name":"wp","href":"https:\/\/api.w.org\/{rel}","templated":true}]}}