{"id":3401,"date":"2020-03-25T07:00:01","date_gmt":"2020-03-25T07:00:01","guid":{"rendered":"https:\/\/www.logix5.com\/roboticaeducativa\/?page_id=3401"},"modified":"2020-03-25T07:00:03","modified_gmt":"2020-03-25T07:00:03","slug":"presentacion-del-kit-goma-brain","status":"publish","type":"page","link":"https:\/\/www.logix5.com\/roboticaeducativa\/presentacion-del-kit-goma-brain\/","title":{"rendered":"Presentaci\u00f3n del kit Goma Brain"},"content":{"rendered":"<p>Hola a todos, hoy os presentamos este fabuloso v\u00eddeo en el que encontrareis un descripci\u00f3n de las piezas, sensores y actuadores que vienen en este kit, junto con la programaci\u00f3n de un modelo b\u00e1sico ( programaci\u00f3n sencilla )<\/p>\n<p>En pr\u00f3ximos videotutoriales, entraremos en m\u00e1s detalle, para que pod\u00e1is usar las tarjetas sin ning\u00fan miedo<\/p>\n<div class=\"ast-oembed-container \" style=\"height: 100%;\"><iframe title=\"Goma Brain 01: Introducci\u00f3n\" width=\"500\" height=\"281\" src=\"https:\/\/www.youtube.com\/embed\/Im1JzCdPelU?feature=oembed\" frameborder=\"0\" allow=\"accelerometer; autoplay; clipboard-write; encrypted-media; gyroscope; picture-in-picture; web-share\" referrerpolicy=\"strict-origin-when-cross-origin\" allowfullscreen><\/iframe><\/div>\n","protected":false},"excerpt":{"rendered":"<p>Hola a todos, hoy os presentamos este fabuloso v\u00eddeo en el que encontrareis un descripci\u00f3n de las piezas, sensores y actuadores que vienen en este kit, junto con la programaci\u00f3n de un modelo b\u00e1sico ( programaci\u00f3n sencilla ) En pr\u00f3ximos videotutoriales, entraremos en m\u00e1s detalle, para que pod\u00e1is usar las tarjetas sin ning\u00fan miedo<\/p>\n","protected":false},"author":1,"featured_media":0,"parent":0,"menu_order":0,"comment_status":"closed","ping_status":"closed","template":"","meta":{"site-sidebar-layout":"default","site-content-layout":"","ast-site-content-layout":"","site-content-style":"default","site-sidebar-style":"default","ast-global-header-display":"","ast-banner-title-visibility":"","ast-main-header-display":"","ast-hfb-above-header-display":"","ast-hfb-below-header-display":"","ast-hfb-mobile-header-display":"","site-post-title":"","ast-breadcrumbs-content":"","ast-featured-img":"","footer-sml-layout":"","theme-transparent-header-meta":"","adv-header-id-meta":"","stick-header-meta":"","header-above-stick-meta":"","header-main-stick-meta":"","header-below-stick-meta":"","astra-migrate-meta-layouts":"default","ast-page-background-enabled":"default","ast-page-background-meta":{"desktop":{"background-color":"var(--ast-global-color-4)","background-image":"","background-repeat":"repeat","background-position":"center center","background-size":"auto","background-attachment":"scroll","background-type":"","background-media":"","overlay-type":"","overlay-color":"","overlay-gradient":""},"tablet":{"background-color":"","background-image":"","background-repeat":"repeat","background-position":"center center","background-size":"auto","background-attachment":"scroll","background-type":"","background-media":"","overlay-type":"","overlay-color":"","overlay-gradient":""},"mobile":{"background-color":"","background-image":"","background-repeat":"repeat","background-position":"center center","background-size":"auto","background-attachment":"scroll","background-type":"","background-media":"","overlay-type":"","overlay-color":"","overlay-gradient":""}},"ast-content-background-meta":{"desktop":{"background-color":"var(--ast-global-color-5)","background-image":"","background-repeat":"repeat","background-position":"center center","background-size":"auto","background-attachment":"scroll","background-type":"","background-media":"","overlay-type":"","overlay-color":"","overlay-gradient":""},"tablet":{"background-color":"var(--ast-global-color-5)","background-image":"","background-repeat":"repeat","background-position":"center center","background-size":"auto","background-attachment":"scroll","background-type":"","background-media":"","overlay-type":"","overlay-color":"","overlay-gradient":""},"mobile":{"background-color":"var(--ast-global-color-5)","background-image":"","background-repeat":"repeat","background-position":"center center","background-size":"auto","background-attachment":"scroll","background-type":"","background-media":"","overlay-type":"","overlay-color":"","overlay-gradient":""}},"footnotes":""},"class_list":["post-3401","page","type-page","status-publish","hentry"],"_links":{"self":[{"href":"https:\/\/www.logix5.com\/roboticaeducativa\/wp-json\/wp\/v2\/pages\/3401","targetHints":{"allow":["GET"]}}],"collection":[{"href":"https:\/\/www.logix5.com\/roboticaeducativa\/wp-json\/wp\/v2\/pages"}],"about":[{"href":"https:\/\/www.logix5.com\/roboticaeducativa\/wp-json\/wp\/v2\/types\/page"}],"author":[{"embeddable":true,"href":"https:\/\/www.logix5.com\/roboticaeducativa\/wp-json\/wp\/v2\/users\/1"}],"replies":[{"embeddable":true,"href":"https:\/\/www.logix5.com\/roboticaeducativa\/wp-json\/wp\/v2\/comments?post=3401"}],"version-history":[{"count":1,"href":"https:\/\/www.logix5.com\/roboticaeducativa\/wp-json\/wp\/v2\/pages\/3401\/revisions"}],"predecessor-version":[{"id":3402,"href":"https:\/\/www.logix5.com\/roboticaeducativa\/wp-json\/wp\/v2\/pages\/3401\/revisions\/3402"}],"wp:attachment":[{"href":"https:\/\/www.logix5.com\/roboticaeducativa\/wp-json\/wp\/v2\/media?parent=3401"}],"curies":[{"name":"wp","href":"https:\/\/api.w.org\/{rel}","templated":true}]}}